{"id":135,"date":"2019-06-23T13:26:28","date_gmt":"2019-06-23T11:26:28","guid":{"rendered":"https:\/\/kgherchen.de\/?page_id=135"},"modified":"2025-10-22T12:27:47","modified_gmt":"2025-10-22T10:27:47","slug":"startseite","status":"publish","type":"page","link":"https:\/\/kgherchen.de\/","title":{"rendered":"Startseite"},"content":{"rendered":"<ul class=\"wp-block-latest-posts__list wp-block-latest-posts\"><li><a class=\"wp-block-latest-posts__post-title\" href=\"https:\/\/kgherchen.de\/index.php\/2026\/02\/19\/karnevalssonntag-in-herchen-bunter-zug-voller-rock-und-guter-laune-%f0%9f%8e%ad%f0%9f%8e%b8\/\">Karnevalssonntag in Herchen: Bunter Zug voller Rock und guter Laune \ud83c\udfad\ud83c\udfb8<\/a><div class=\"wp-block-latest-posts__post-full-content\"><!-- wp:paragraph -->\n<p>Herchen \u2013 Am diesj\u00e4hrigen Karnevalssonntag verwandelte sich Herchen wieder in eine bunte Festmeile: Der traditionelle Karnevalszug der KG Rot-Wei\u00df Herchen lockte zahlreiche Besucher auf die Stra\u00dfen. Unter dem Motto Rock dominierten kreative Kost\u00fcme, fantasievolle Wagen und jede Menge jecke Stimmung.<\/p>\n<!-- \/wp:paragraph -->\n\n<!-- wp:image {\"id\":3182,\"sizeSlug\":\"large\",\"linkDestination\":\"none\"} -->\n<figure class=\"wp-block-image size-large\"><img loading=\"lazy\" decoding=\"async\" width=\"1024\" height=\"1021\" src=\"https:\/\/kgherchen.de\/wp-content\/uploads\/2026\/02\/image-1024x1021.png\" alt=\"\" class=\"wp-image-3182\" srcset=\"https:\/\/kgherchen.de\/wp-content\/uploads\/2026\/02\/image-1024x1021.png 1024w, https:\/\/kgherchen.de\/wp-content\/uploads\/2026\/02\/image-300x300.png 300w, https:\/\/kgherchen.de\/wp-content\/uploads\/2026\/02\/image-150x150.png 150w, https:\/\/kgherchen.de\/wp-content\/uploads\/2026\/02\/image-768x766.png 768w, https:\/\/kgherchen.de\/wp-content\/uploads\/2026\/02\/image-100x100.png 100w, https:\/\/kgherchen.de\/wp-content\/uploads\/2026\/02\/image.png 1109w\" sizes=\"auto, (max-width: 706px) 89vw, (max-width: 767px) 82vw, 740px\" \/><\/figure>\n<!-- \/wp:image -->\n\n<!-- wp:paragraph -->\n<p><br>Mit dabei waren befreundete Vereine, unter anderem die KG Dattenfeld mit ihrem Kinderprinzenpaar, die KG N\u00e4rrische Br\u00fcckenwache aus Alzenbach, zahlreiche Dorfgemeinschaften aus den umliegenden Ortschaften \u2013 und der TuS Herchen, der trotz einer eigenen Veranstaltung im Anschluss mehrere Gruppen im Zug mitgehen lie\u00df.<br>Insgesamt nahmen 27 Gruppen teil und sorgten f\u00fcr ein abwechslungsreiches, buntes Bild voller Lebensfreude.<br>Ein gro\u00dfer Dank geht an unsere Helfer: das Ordnungsamt, die Feuerwehr, die Polizei und das Rote Kreuz f\u00fcr die sichere Begleitung des Zuges. Besonderer Dank gilt au\u00dferdem der Gemeinde Windeck f\u00fcr das Bereitstellen der Kehrmaschine und die unverz\u00fcgliche Stra\u00dfenreinigung \u2013 so konnte alles sauber und reibungslos ablaufen.<br>Es ist immer wieder sch\u00f6n zu sehen, wie unsere Vereine und Dorfgemeinschaften zusammenkommen und den Karneval zu einem Highlight machen.<\/p>\n<!-- \/wp:paragraph --><\/div><\/li>\n<\/ul>","protected":false},"excerpt":{"rendered":"","protected":false},"author":1,"featured_media":0,"parent":0,"menu_order":0,"comment_status":"closed","ping_status":"closed","template":"","meta":{"ngg_post_thumbnail":0,"footnotes":""},"class_list":["post-135","page","type-page","status-publish","hentry"],"_links":{"self":[{"href":"https:\/\/kgherchen.de\/index.php\/wp-json\/wp\/v2\/pages\/135","targetHints":{"allow":["GET"]}}],"collection":[{"href":"https:\/\/kgherchen.de\/index.php\/wp-json\/wp\/v2\/pages"}],"about":[{"href":"https:\/\/kgherchen.de\/index.php\/wp-json\/wp\/v2\/types\/page"}],"author":[{"embeddable":true,"href":"https:\/\/kgherchen.de\/index.php\/wp-json\/wp\/v2\/users\/1"}],"replies":[{"embeddable":true,"href":"https:\/\/kgherchen.de\/index.php\/wp-json\/wp\/v2\/comments?post=135"}],"version-history":[{"count":54,"href":"https:\/\/kgherchen.de\/index.php\/wp-json\/wp\/v2\/pages\/135\/revisions"}],"predecessor-version":[{"id":3145,"href":"https:\/\/kgherchen.de\/index.php\/wp-json\/wp\/v2\/pages\/135\/revisions\/3145"}],"wp:attachment":[{"href":"https:\/\/kgherchen.de\/index.php\/wp-json\/wp\/v2\/media?parent=135"}],"curies":[{"name":"wp","href":"https:\/\/api.w.org\/{rel}","templated":true}]}}