{"id":50,"date":"2019-06-11T14:10:13","date_gmt":"2019-06-11T14:10:13","guid":{"rendered":"https:\/\/kgherchen.de\/?page_id=50"},"modified":"2023-03-20T17:56:09","modified_gmt":"2023-03-20T16:56:09","slug":"der-verein","status":"publish","type":"page","link":"https:\/\/kgherchen.de\/index.php\/der-verein\/","title":{"rendered":"Der Verein"},"content":{"rendered":"\n<p class=\"has-text-align-left\"><\/p>\n\n\n\n<p>Die KG Rot-Wei\u00df Herchen 1994 e. V. ist in Windeck eine sehr engagierte Karnevalsgesellschaft, die regelm\u00e4\u00dfig die Windecker Tolit\u00e4ten stellt und ein abwechslungsreiches Gesellschaftsleben bietet. In der Karnevalszeit veranstalten wir traditionell neben der Proklamation in Windeck-Hoppengarten eine Karnevalssitzung und einen Karnevalszug in Windeck-Herchen. Weiterhin sind wir regelm\u00e4\u00dfig auf Karnevalssitzungen und -z\u00fcgen unserer befreundeten Karnevalsgesellschaften in Windeck und \u00fcber die Grenzen der Gemeinde hinaus eingeladen.<\/p>\n\n\n\n<figure class=\"wp-block-image size-large\"><img loading=\"lazy\" decoding=\"async\" width=\"1024\" height=\"576\" src=\"https:\/\/kgherchen.de\/wp-content\/uploads\/2023\/03\/P1670432-1024x576.jpg\" alt=\"\" class=\"wp-image-2175\" srcset=\"https:\/\/kgherchen.de\/wp-content\/uploads\/2023\/03\/P1670432-1024x576.jpg 1024w, https:\/\/kgherchen.de\/wp-content\/uploads\/2023\/03\/P1670432-300x169.jpg 300w, https:\/\/kgherchen.de\/wp-content\/uploads\/2023\/03\/P1670432-768x432.jpg 768w, https:\/\/kgherchen.de\/wp-content\/uploads\/2023\/03\/P1670432-1536x864.jpg 1536w, https:\/\/kgherchen.de\/wp-content\/uploads\/2023\/03\/P1670432-2048x1152.jpg 2048w\" sizes=\"auto, (max-width: 706px) 89vw, (max-width: 767px) 82vw, 740px\" \/><\/figure>\n\n\n\n<p><\/p>\n","protected":false},"excerpt":{"rendered":"<p>Die KG Rot-Wei\u00df Herchen 1994 e. V. ist in Windeck eine sehr engagierte Karnevalsgesellschaft, die regelm\u00e4\u00dfig die Windecker Tolit\u00e4ten stellt und ein abwechslungsreiches Gesellschaftsleben bietet. In der Karnevalszeit veranstalten wir traditionell neben der Proklamation in Windeck-Hoppengarten eine Karnevalssitzung und einen Karnevalszug in Windeck-Herchen. Weiterhin sind wir regelm\u00e4\u00dfig auf Karnevalssitzungen und -z\u00fcgen unserer befreundeten Karnevalsgesellschaften in &hellip; <\/p>\n<p class=\"link-more\"><a href=\"https:\/\/kgherchen.de\/index.php\/der-verein\/\" class=\"more-link\"><span class=\"screen-reader-text\">\u201eDer Verein\u201c<\/span> weiterlesen<\/a><\/p>\n","protected":false},"author":1,"featured_media":0,"parent":0,"menu_order":0,"comment_status":"closed","ping_status":"closed","template":"","meta":{"ngg_post_thumbnail":0,"footnotes":""},"class_list":["post-50","page","type-page","status-publish","hentry"],"_links":{"self":[{"href":"https:\/\/kgherchen.de\/index.php\/wp-json\/wp\/v2\/pages\/50","targetHints":{"allow":["GET"]}}],"collection":[{"href":"https:\/\/kgherchen.de\/index.php\/wp-json\/wp\/v2\/pages"}],"about":[{"href":"https:\/\/kgherchen.de\/index.php\/wp-json\/wp\/v2\/types\/page"}],"author":[{"embeddable":true,"href":"https:\/\/kgherchen.de\/index.php\/wp-json\/wp\/v2\/users\/1"}],"replies":[{"embeddable":true,"href":"https:\/\/kgherchen.de\/index.php\/wp-json\/wp\/v2\/comments?post=50"}],"version-history":[{"count":49,"href":"https:\/\/kgherchen.de\/index.php\/wp-json\/wp\/v2\/pages\/50\/revisions"}],"predecessor-version":[{"id":2176,"href":"https:\/\/kgherchen.de\/index.php\/wp-json\/wp\/v2\/pages\/50\/revisions\/2176"}],"wp:attachment":[{"href":"https:\/\/kgherchen.de\/index.php\/wp-json\/wp\/v2\/media?parent=50"}],"curies":[{"name":"wp","href":"https:\/\/api.w.org\/{rel}","templated":true}]}}